{"id":108,"date":"2021-02-04T10:05:49","date_gmt":"2021-02-04T09:05:49","guid":{"rendered":"http:\/\/127.0.0.1\/wordpress\/?page_id=108"},"modified":"2021-04-01T14:16:17","modified_gmt":"2021-04-01T12:16:17","slug":"la-catedra","status":"publish","type":"page","link":"https:\/\/ludificacion.uv.es\/","title":{"rendered":"La c\u00e1tedra"},"content":{"rendered":"\n<h2 style=\"text-align:center;\">Presentaci\u00f3n<\/h2>\n\n\n\n<div class=\"wp-block-group\"><div class=\"wp-block-group__inner-container is-layout-flow wp-block-group-is-layout-flow\">\n<div style=\"width: 95%; margin-left:auto; margin-right: auto;\"><p>La c\u00e1tedra surge por el deseo del <a href=\"https:\/\/www.valencia.es\/\" title=\"https:\/\/www.valencia.es\/\">Ayuntamiento de Valencia<\/a> de ir m\u00e1s all\u00e1 del cumplimiento de la normativa de transparencia y acceso a informaci\u00f3n abierta apostando por ofrecer otros medios innovadores de conocimiento de la ciudad.\u202f<\/p>\n\n\n\n<p>Para ello, el <a href=\"https:\/\/ludificacion.uv.es\/index.php\/2021\/02\/26\/comienza-catedra\/\" title=\"La c\u00e1tedra de Ludificaci\u00f3n comienza sus tareas\">Ayuntamiento colabora con personal de la\u202fUniversitat\u202fde Val\u00e8ncia<\/a> que investiga e imparte docencia en las \u00e1reas de Multimedia, Realidad Aumentada, Videojuegos, visualizaci\u00f3n de datos y ludificaci\u00f3n.\u202f<\/p>\n\n\n\n<p>El objetivo de la c\u00e1tedra es fomentar el uso de herramientas de Ludificaci\u00f3n aplicada a la relaci\u00f3n entre la ciudadan\u00eda y el gobierno municipal, la transparencia y el uso de datos abiertos.\u202f<\/p>\n\n\n\n<p>Este prop\u00f3sito enlaza con las finalidades de la universidad asegurando una mejora del cumplimiento de las finalidades docentes, de investigaci\u00f3n y divulgaci\u00f3n tecnol\u00f3gica y cultural, potenciando su relaci\u00f3n con el entorno socioecon\u00f3mico, e incrementando la oferta de actividades para alumnos y profesores.\u202f<\/p>\n\n\n\n<p>La finalidad se resume en <strong>aplicar la\u202fLudificaci\u00f3n como instrumento para desarrollar el gobierno abierto y acercar el conocimiento a la sociedad de una forma\u202fm\u00e1s\u202finteractiva, accesible y atractiva.<\/strong>\u202f<\/p><\/div>\n<\/div><\/div>\n\n\n\n<h2 style=\"text-align:center;\">Actividades<\/h2>\n\n\n\n<div style=\"width: 95%; margin-left:auto; margin-right: auto;\"><p>La c\u00e1tedra desarrollar\u00e1 <a href=\"https:\/\/ludificacion.uv.es\/index.php\/colaboraciones\/\" title=\"Actividades: noticias relacionadas\">actividades<\/a> orientadas hacia la ludificaci\u00f3n de la ciudad en distintos \u00e1mbitos:<\/p>\n\n\n\n<h4 class=\"wp-block-heading\"><em><a href=\"https:\/\/ludificacion.uv.es\/index.php\/formacion\/\" title=\"Formaci\u00f3n\">Formaci\u00f3n<\/a><\/em><\/h4>\n\n\n\n<p>Se impartir\u00e1n cursos, conferencias y seminarios orientados a estudiantes de la Universitat de Val\u00e8ncia, a trabajos del Ajuntament de Val\u00e8ncia y a abiertos al p\u00fablico. Tambi\u00e9n se promocionar\u00e1n las \u00e1reas de la c\u00e1tedra entre las asignaturas de los grados y m\u00e1steres de la Universitat y entre los trabajos de fin de grado y de m\u00e1ster.<\/p>\n\n\n\n<h4><em>Investigaci\u00f3n<\/em><\/h4>\n\n\n\n<p>Se desarrollar\u00e1n l\u00edneas de investigaci\u00f3n sobre la Ludificaci\u00f3n de la ciudad, as\u00ed como la investigaci\u00f3n avanzada que permita integrar el mundo acad\u00e9mico y el gobierno de la ciudad.<\/p>\n\n\n\n<h4><em>Transferencia y divulgaci\u00f3n<\/em><\/h4>\n\n\n\n<p>Se difundir\u00e1 informaci\u00f3n sobre la ciudad (gesti\u00f3n, cultura, medio ambiente) a trav\u00e9s de sistemas de Ludificaci\u00f3n mediante jornadas o actividades de divulgaci\u00f3n tecnol\u00f3gica.<\/p>\n\n\n\n<p>Se impulsar\u00e1 el desarrollo de herramientas y aplicaciones que puedan poner en pr\u00e1ctica la Ludificaci\u00f3n en actividades formativas de manera altruista: creaci\u00f3n de prototipos de Ludificaci\u00f3n y visualizaci\u00f3n de datos abiertos para acercar a la ciudadan\u00eda diferentes aspectos del funcionamiento de la ciudad.<\/p><\/div>\n","protected":false},"excerpt":{"rendered":"<p>Presentaci\u00f3n La c\u00e1tedra surge por el deseo del Ayuntamiento de Valencia de ir m\u00e1s all\u00e1 del cumplimiento de la normativa de transparencia y acceso a informaci\u00f3n abierta apostando por ofrecer otros medios innovadores de conocimiento de la ciudad.\u202f Para ello, el Ayuntamiento colabora con personal de la\u202fUniversitat\u202fde Val\u00e8ncia que investiga e imparte docencia en las &hellip; <\/p>\n<p class=\"link-more\"><a href=\"https:\/\/ludificacion.uv.es\/\" class=\"more-link\">Continuar leyendo<span class=\"screen-reader-text\"> \u00abLa c\u00e1tedra\u00bb<\/span><\/a><\/p>\n","protected":false},"author":1,"featured_media":0,"parent":0,"menu_order":0,"comment_status":"closed","ping_status":"closed","template":"","meta":{"sfsi_plus_gutenberg_text_before_share":"","sfsi_plus_gutenberg_show_text_before_share":"","sfsi_plus_gutenberg_icon_type":"","sfsi_plus_gutenberg_icon_alignemt":"","sfsi_plus_gutenburg_max_per_row":"","_monsterinsights_skip_tracking":false,"_monsterinsights_sitenote_active":false,"_monsterinsights_sitenote_note":"","_monsterinsights_sitenote_category":0,"footnotes":""},"class_list":["post-108","page","type-page","status-publish","hentry"],"aioseo_notices":[],"_links":{"self":[{"href":"https:\/\/ludificacion.uv.es\/index.php\/wp-json\/wp\/v2\/pages\/108","targetHints":{"allow":["GET"]}}],"collection":[{"href":"https:\/\/ludificacion.uv.es\/index.php\/wp-json\/wp\/v2\/pages"}],"about":[{"href":"https:\/\/ludificacion.uv.es\/index.php\/wp-json\/wp\/v2\/types\/page"}],"author":[{"embeddable":true,"href":"https:\/\/ludificacion.uv.es\/index.php\/wp-json\/wp\/v2\/users\/1"}],"replies":[{"embeddable":true,"href":"https:\/\/ludificacion.uv.es\/index.php\/wp-json\/wp\/v2\/comments?post=108"}],"version-history":[{"count":21,"href":"https:\/\/ludificacion.uv.es\/index.php\/wp-json\/wp\/v2\/pages\/108\/revisions"}],"predecessor-version":[{"id":521,"href":"https:\/\/ludificacion.uv.es\/index.php\/wp-json\/wp\/v2\/pages\/108\/revisions\/521"}],"wp:attachment":[{"href":"https:\/\/ludificacion.uv.es\/index.php\/wp-json\/wp\/v2\/media?parent=108"}],"curies":[{"name":"wp","href":"https:\/\/api.w.org\/{rel}","templated":true}]}}